{"id":6194,"date":"2023-11-24T12:51:37","date_gmt":"2023-11-24T11:51:37","guid":{"rendered":"https:\/\/b2b.manterol.es\/manterol.es\/?page_id=6194"},"modified":"2023-11-28T13:36:49","modified_gmt":"2023-11-28T12:36:49","slug":"canal-etico","status":"publish","type":"page","link":"https:\/\/b2b.manterol.es\/manterol.es\/canal-etico\/","title":{"rendered":"Canal \u00e9tico"},"content":{"rendered":"\n<p class=\"has-text-align-center has-medium-font-size\"><strong>Canal \u00e9tico<\/strong><\/p>\n\n\n\n<p>Este canal de comunicaci\u00f3n est\u00e1 dise\u00f1ado para ofrecer a todas las personas una v\u00eda segura y confidencial para informar sobre posibles incumplimientos del C\u00f3digo \u00c9tico y de Conducta por parte de cualquier miembro de Manterol.<\/p>\n\n\n\n<p>Fomentamos un entorno \u00e9tico y transparente. Valoramos su contribuci\u00f3n para mantener la integridad de nuestra organizaci\u00f3n y promover conductas \u00e9ticas.<\/p>\n\n\n\n<p>Si no desea proporcionar ning\u00fan nombre para mantenerse en el anonimato, puede poner su nombre como \u00aban\u00f3nimo\u00bb. Toda la informaci\u00f3n que ponga en el formulario se enviar\u00e1 por correo electr\u00f3nico directamente a la persona formada y encargada para el tratamiento de la misma. Si\u00e9ntase seguro\/a de poner todo lo que necesite.<\/p>\n\n\n\n<p>De igual modo, si desea contactar directamente sin precisar del uso de esta v\u00eda, puede hacerlo enviando un correo electr\u00f3nico a la direcci\u00f3n manterol@manterol.es, o, si por otra parte, desea hacerlo verbalmente, puede llamar al n\u00famero +34 96 291 60 00 donde podr\u00e1 dar toda la informaci\u00f3n necesaria o solicitar una reuni\u00f3n presencial con el objetivo de presentarla.<\/p>\n\n\n    <style>\r\n        .formulario-div {\r\n            width: 80%;\r\n            margin: auto;\r\n            min-height: 1200px;\r\n            display: flex;\r\n            flex-wrap: wrap;\r\n        }\r\n\r\n        .formulario {\r\n            position: absolute;\r\n            z-index: 1;\r\n            justify-content: center;\r\n            align-items: center;\r\n            left: 25%;\r\n            width: 100%;\r\n        }\r\n\r\n        @media screen and (max-width: 1170px) {\r\n            .formulario-div {\r\n                width: 100%;\r\n                margin: auto;\r\n                min-height: 1650px;\r\n                display: flex;\r\n                flex-wrap: wrap;\r\n            }\r\n\r\n            .formulario {\r\n                position: absolute;\r\n                z-index: 1;\r\n                justify-content: center;\r\n                align-items: center;\r\n                left: 5%;\r\n                width: 100%;\r\n            }\r\n        }\r\n\r\n        .btn-formulario {\r\n            position: absolute;\r\n            z-index: 1;\r\n            display: inline !important;\r\n            right: 10px;\r\n            justify-content: center;\r\n            align-items: center;\r\n            transform: translate(-50%, -50%);\r\n            font-size: 14px;\r\n            font-weight: 600;\r\n            text-transform: uppercase;\r\n            line-height: 1em;\r\n            letter-spacing: 1.5px;\r\n            fill: #1e1e1e;\r\n            color: #1e1e1e;\r\n            background-color: rgba(64,84,178,0);\r\n            border-style: solid;\r\n            border-width: 2px 2px 2px 2px;\r\n            border-color: #1e1e1e;\r\n            border-radius: 5px 5px 5px 5px;\r\n            padding: 18px 55px 15px 55px;\r\n        }\r\n\r\n        .campo-requerido {\r\n            color: red;\r\n            margin-left: 4px;\r\n        }\r\n\r\n        .foot-items {\r\n            display: none;\r\n        }\r\n\r\n        .modal {\r\n            display: none;\r\n            position: fixed;\r\n            top: 50%;\r\n            left: 50%;\r\n            transform: translate(-50%, -50%);\r\n            background-color: #fff;\r\n            padding: 20px;\r\n            border-radius: 8px;\r\n            z-index: 2;\r\n        }\r\n\r\n        .modal-contenido {\r\n            text-align: center;\r\n        }\r\n\r\n        .modal-contenido button {\r\n            padding: 10px;\r\n            background-color: #007BFF;\r\n            color: #fff;\r\n            border: none;\r\n            border-radius: 4px;\r\n            cursor: pointer;\r\n        }\r\n\r\n        .fondo-modal {\r\n            display: none;\r\n            position: fixed;\r\n            top: 0;\r\n            left: 0;\r\n            width: 100%;\r\n            height: 100%;\r\n            background: rgba(0, 0, 0, 0.5); \/* Fondo oscuro con opacidad *\/\r\n            z-index: 1;\r\n        }\r\n\r\n        input[type=\"text\"] {\r\n            background-color: #e9e9e9;\r\n        }\r\n\r\n        input[type=\"email\"] {\r\n            background-color: #e9e9e9;\r\n        }\r\n\r\n        input[type=\"tel\"] {\r\n            background-color: #e9e9e9;\r\n        }\r\n\r\n        textarea[type=\"text\"] {\r\n            background-color: #e9e9e9;\r\n        }\r\n\r\n        @media screen and (min-width: 1170px) {\r\n            .fila {\r\n                display: flex;\r\n                margin-bottom: 10px;\r\n                width:50%;\r\n            }\r\n        }\r\n\r\n        @media screen and (max-width: 1170px) {\r\n            .fila {\r\n                margin-bottom: 10px;\r\n                width:100%;\r\n            }\r\n        }\r\n\r\n        .columna {\r\n            flex: 1;\r\n            margin-right: 10px;\r\n        }\r\n\r\n    <\/style>\r\n\r\n    <br><br>\r\n    <div class=\"formulario-div\">\r\n        <form class=\"formulario\" id=\"formulario\" enctype=\"multipart\/form-data\" method=\"post\" action=\"\">\r\n            <label for=\"relacion\">Relaci\u00f3n con la empresa:<\/label><span class=\"campo-requerido\">*<\/span>\r\n            <br>\r\n            <select name=\"relacion\" required>\r\n                <option value=\"empleado\">Empleado<\/option>\r\n                <option value=\"exempleado\">Exempleado<\/option>\r\n                <option value=\"becario\">Becario<\/option>\r\n                <option value=\"proveedor\">Proveedor<\/option>\r\n                <option value=\"cliente\">Cliente<\/option>\r\n                <option value=\"socio\">Socio<\/option>\r\n                <option value=\"otro\">Otro<\/option>\r\n            <\/select>\r\n            <br>\r\n            <br>\r\n            <div class=\"fila\">\r\n                <div class=\"columna\" style=\"flex: 1;\">\r\n                    <label for=\"nombre\">Nombre:<\/label>\r\n                    <br>\r\n                    <input type=\"text\" name=\"nombre\"><br>\r\n                <\/div>\r\n                <br>\r\n                <div class=\"columna\" style=\"flex: 1;\">\r\n                    <label for=\"apellidos\">Apellidos:<\/label>\r\n                    <br>\r\n                    <input type=\"text\" name=\"apellidos\"><br>\r\n                    <br>\r\n                    <br>\r\n                <\/div>\r\n            <\/div>\r\n            <div class=\"fila\">\r\n                <div class=\"columna\" style=\"flex: 1;\">\r\n                    <label for=\"email\">Email:<\/label><span class=\"campo-requerido\">*<\/span>\r\n                    <br>\r\n                    <input style=\"width:500%;\" type=\"email\" name=\"email\" required><br>\r\n                <\/div>\r\n                <br>\r\n                <div class=\"columna\" style=\"flex: 1;\">\r\n                    <label for=\"telefono\">Tel\u00e9fono:<\/label>\r\n                    <br>\r\n                    <input style=\"width:500%;\" type=\"tel\" name=\"telefono\"><br>\r\n                    <br>\r\n                    <br>\r\n                <\/div>\r\n                <br>\r\n            <\/div>\r\n            <div class=\"fila\">\r\n                <div class=\"columna\" style=\"flex: 1;\">\r\n                    <label for=\"dni\">DNI:<\/label>\r\n                    <br>\r\n                    <input style=\"width:500%;\" type=\"text\" name=\"dni\"><br>\r\n                <\/div>\r\n                <br>\r\n                <div class=\"columna\" style=\"flex: 1;\">\r\n                    <label for=\"fecha\">Fecha de la incidencia:<\/label><span class=\"campo-requerido\">*<\/span>\r\n                    <br>\r\n                    <input style=\"width:500%;\" type=\"date\" name=\"fecha\" required><br>\r\n                    <br>\r\n                    <br>\r\n                <\/div>\r\n                <br>\r\n            <\/div>\r\n            <div class=\"fila\">\r\n                <div class=\"columna\" style=\"flex: 1;\">\r\n                    <label for=\"tipo\">Tipo de incidencia:<\/label><span class=\"campo-requerido\">*<\/span>\r\n                    <br>\r\n                    <select name=\"tipo\" required>\r\n                        <option value=\"incumplimiento\">Incumplimiento de la legislaci\u00f3n o normativa<\/option>\r\n                        <option value=\"discriminacion\">Discriminaci\u00f3n o incumplimiento de los derechos humanos<\/option>\r\n                        <option value=\"acoso\">Acoso laboral o sexual<\/option>\r\n                        <option value=\"trato\">Trato irrespetuoso, desigual o injusto<\/option>\r\n                        <option value=\"fraude\">Fraude o corrupci\u00f3n<\/option>\r\n                        <option value=\"otro\">Otro<\/option>\r\n                    <\/select>\r\n                <\/div>\r\n                <br>\r\n                <div class=\"columna\" style=\"flex: 1;\">\r\n                    <label for=\"lugar\">Lugar del suceso:<\/label>\r\n                    <br>\r\n                    <input style=\"width:500%;\" type=\"text\" name=\"lugar\"><br>\r\n                    <br>\r\n                    <br>\r\n                <\/div>\r\n                <br>\r\n            <\/div>\r\n            <label for=\"descripcion\">Descripci\u00f3n del suceso:<\/label><span class=\"campo-requerido\">*<\/span>\r\n            <br>\r\n            <textarea style=\"width:500%;\" type=\"text\" rows=\"4\" name=\"descripcion\" required><\/textarea><br>\r\n            <br>\r\n            <br>\r\n            <label for=\"archivo\">Puedes a\u00f1adir un archivo si lo deseas:<\/label>\r\n            <br>\r\n            <input class=\"btn\" type=\"file\" name=\"archivo\" id=\"archivo\" accept=\".pdf, .doc, .docx, .jpg, .png, .jpeg\">\r\n            <br>\r\n            <br>\r\n            <div class=\"g-recaptcha\" id=\"noSoyRobot\" data-callback=\"verificarRecaptcha\" data-sitekey=\"6LeKDhspAAAAAF09bYNBZTOWv8beo3NCe8j5IJXX\"><\/div>\r\n            <br>\r\n            <br>\r\n            <input id=\"btn-enviar\" type=\"submit\" onclick=\"modal()\" style=\"right:10px;\" name=\"enviar\" value=\"Enviar\" disabled>\r\n            <br>\r\n            <br>\r\n        <\/form>\r\n    <\/div>\r\n    <div id=\"miModal\" class=\"modal\">\r\n            <div class=\"modal-contenido\">\r\n                <p>Hemos recibido su notificaci\u00f3n. Nos pondremos en contacto lo antes posible.<\/p>\r\n            <\/div>\r\n        <\/div>\r\n    <div id=\"fondo-modal\" class=\"fondo-modal\"><\/div>\r\n    <br>\r\n    <br>\r\n\r\n    <script>\r\n        \/*function mostrar() {\r\n            var formulario = document.querySelector(\".formulario\");\r\n            formulario.style.display = \"block\";\r\n\r\n            window.scrollBy({\r\n                top: window.innerHeight \/ 2,\r\n                left: 0,\r\n                behavior: \"smooth\"\r\n            });\r\n\r\n        }*\/\r\n        function verificarRecaptcha() {\r\n            var botonEnviar = document.getElementById(\"btn-enviar\");\r\n            botonEnviar.removeAttribute(\"disabled\");\r\n        }\r\n\r\n        function modal(){\r\n            var form = document.getElementById(\"formulario\");\r\n            var isValid = form.checkValidity();\r\n\r\n            if (isValid) {\r\n                document.getElementById(\"miModal\").style.display = \"block\";\r\n                document.getElementById(\"fondo-modal\").style.display = \"block\";\r\n                setTimeout(function () {\r\n                    window.close();\r\n                }, 3000);\r\n            }\r\n        }\r\n\r\n        function aceptarModal() {\r\n            \/\/ document.getElementById(\"formulario\").submit();\r\n        }\r\n    <\/script>\r\n    \n\n\n\n<p><\/p>\n","protected":false},"excerpt":{"rendered":"<p>Canal \u00e9tico Este canal de comunicaci\u00f3n est\u00e1 dise\u00f1ado para ofrecer a todas las personas una v\u00eda segura y confidencial para informar sobre posibles incumplimientos del C\u00f3digo \u00c9tico y de Conducta por parte de cualquier miembro de Manterol. Fomentamos un entorno \u00e9tico y transparente. Valoramos su contribuci\u00f3n para mantener la integridad de nuestra organizaci\u00f3n y promover conductas \u00e9ticas. Si no desea proporcionar ning\u00fan nombre para mantenerse en el anonimato, puede poner su nombre como \u00aban\u00f3nimo\u00bb. Toda la informaci\u00f3n que ponga en el formulario se enviar\u00e1 por correo electr\u00f3nico directamente a la persona formada y encargada para el tratamiento de la misma. Si\u00e9ntase seguro\/a de poner todo lo que necesite. De igual modo, si desea contactar directamente sin precisar del uso de esta v\u00eda, puede hacerlo enviando un correo electr\u00f3nico a la direcci\u00f3n manterol@manterol.es, o, si por otra parte, desea hacerlo verbalmente, puede llamar al n\u00famero +34 96 291 60 00 donde&hellip;<\/p>\n<p> <a class=\"more-link\" href=\"https:\/\/b2b.manterol.es\/manterol.es\/canal-etico\/\">Leer m\u00e1s<\/a><\/p>\n","protected":false},"author":5,"featured_media":0,"parent":0,"menu_order":0,"comment_status":"closed","ping_status":"closed","template":"","meta":[],"yoast_head":"<!-- This site is optimized with the Yoast SEO plugin v15.9 - https:\/\/yoast.com\/wordpress\/plugins\/seo\/ -->\r\n<title>Canal \u00e9tico - MANTEROL GRUPO<\/title>\r\n<meta name=\"robots\" content=\"index, follow, max-snippet:-1, max-image-preview:large, max-video-preview:-1\" \/>\r\n<link rel=\"canonical\" href=\"https:\/\/b2b.manterol.es\/manterol.es\/canal-etico\/\" \/>\r\n<meta property=\"og:locale\" content=\"es_ES\" \/>\r\n<meta property=\"og:type\" content=\"article\" \/>\r\n<meta property=\"og:title\" content=\"Canal \u00e9tico - MANTEROL GRUPO\" \/>\r\n<meta property=\"og:description\" content=\"Canal \u00e9tico Este canal de comunicaci\u00f3n est\u00e1 dise\u00f1ado para ofrecer a todas las personas una v\u00eda segura y confidencial para informar sobre posibles incumplimientos del C\u00f3digo \u00c9tico y de Conducta por parte de cualquier miembro de Manterol. Fomentamos un entorno \u00e9tico y transparente. Valoramos su contribuci\u00f3n para mantener la integridad de nuestra organizaci\u00f3n y promover conductas \u00e9ticas. Si no desea proporcionar ning\u00fan nombre para mantenerse en el anonimato, puede poner su nombre como \u00aban\u00f3nimo\u00bb. Toda la informaci\u00f3n que ponga en el formulario se enviar\u00e1 por correo electr\u00f3nico directamente a la persona formada y encargada para el tratamiento de la misma. Si\u00e9ntase seguro\/a de poner todo lo que necesite. De igual modo, si desea contactar directamente sin precisar del uso de esta v\u00eda, puede hacerlo enviando un correo electr\u00f3nico a la direcci\u00f3n manterol@manterol.es, o, si por otra parte, desea hacerlo verbalmente, puede llamar al n\u00famero +34 96 291 60 00 donde&hellip;  Leer m\u00e1s\" \/>\r\n<meta property=\"og:url\" content=\"https:\/\/b2b.manterol.es\/manterol.es\/canal-etico\/\" \/>\r\n<meta property=\"og:site_name\" content=\"MANTEROL GRUPO\" \/>\r\n<meta property=\"article:publisher\" content=\"https:\/\/www.facebook.com\/manterolcasa\" \/>\r\n<meta property=\"article:modified_time\" content=\"2023-11-28T12:36:49+00:00\" \/>\r\n<meta name=\"twitter:card\" content=\"summary_large_image\" \/>\r\n<meta name=\"twitter:label1\" content=\"Tiempo de lectura\">\n\t<meta name=\"twitter:data1\" content=\"1 minuto\">\r\n<script type=\"application\/ld+json\" class=\"yoast-schema-graph\">{\"@context\":\"https:\/\/schema.org\",\"@graph\":[{\"@type\":\"Organization\",\"@id\":\"https:\/\/b2b.manterol.es\/manterol.es\/#organization\",\"name\":\"Manterol Casa\",\"url\":\"https:\/\/b2b.manterol.es\/manterol.es\/\",\"sameAs\":[\"https:\/\/www.facebook.com\/manterolcasa\"],\"logo\":{\"@type\":\"ImageObject\",\"@id\":\"https:\/\/b2b.manterol.es\/manterol.es\/#logo\",\"inLanguage\":\"es\",\"url\":\"https:\/\/b2b.manterol.es\/manterol.es\/wp-content\/uploads\/2017\/04\/manterol-grupo-INICIO.jpg\",\"width\":255,\"height\":22,\"caption\":\"Manterol Casa\"},\"image\":{\"@id\":\"https:\/\/b2b.manterol.es\/manterol.es\/#logo\"}},{\"@type\":\"WebSite\",\"@id\":\"https:\/\/b2b.manterol.es\/manterol.es\/#website\",\"url\":\"https:\/\/b2b.manterol.es\/manterol.es\/\",\"name\":\"MANTEROL GRUPO\",\"description\":\"Ropa de Cama y Textiles para el Hogar\",\"publisher\":{\"@id\":\"https:\/\/b2b.manterol.es\/manterol.es\/#organization\"},\"potentialAction\":[{\"@type\":\"SearchAction\",\"target\":\"https:\/\/b2b.manterol.es\/manterol.es\/?s={search_term_string}\",\"query-input\":\"required name=search_term_string\"}],\"inLanguage\":\"es\"},{\"@type\":\"WebPage\",\"@id\":\"https:\/\/b2b.manterol.es\/manterol.es\/canal-etico\/#webpage\",\"url\":\"https:\/\/b2b.manterol.es\/manterol.es\/canal-etico\/\",\"name\":\"Canal \\u00e9tico - MANTEROL GRUPO\",\"isPartOf\":{\"@id\":\"https:\/\/b2b.manterol.es\/manterol.es\/#website\"},\"datePublished\":\"2023-11-24T11:51:37+00:00\",\"dateModified\":\"2023-11-28T12:36:49+00:00\",\"breadcrumb\":{\"@id\":\"https:\/\/b2b.manterol.es\/manterol.es\/canal-etico\/#breadcrumb\"},\"inLanguage\":\"es\",\"potentialAction\":[{\"@type\":\"ReadAction\",\"target\":[\"https:\/\/b2b.manterol.es\/manterol.es\/canal-etico\/\"]}]},{\"@type\":\"BreadcrumbList\",\"@id\":\"https:\/\/b2b.manterol.es\/manterol.es\/canal-etico\/#breadcrumb\",\"itemListElement\":[{\"@type\":\"ListItem\",\"position\":1,\"item\":{\"@type\":\"WebPage\",\"@id\":\"https:\/\/b2b.manterol.es\/manterol.es\/\",\"url\":\"https:\/\/b2b.manterol.es\/manterol.es\/\",\"name\":\"Portada\"}},{\"@type\":\"ListItem\",\"position\":2,\"item\":{\"@type\":\"WebPage\",\"@id\":\"https:\/\/b2b.manterol.es\/manterol.es\/canal-etico\/\",\"url\":\"https:\/\/b2b.manterol.es\/manterol.es\/canal-etico\/\",\"name\":\"Canal \\u00e9tico\"}}]}]}<\/script>\r\n<!-- \/ Yoast SEO plugin. -->","_links":{"self":[{"href":"https:\/\/b2b.manterol.es\/manterol.es\/wp-json\/wp\/v2\/pages\/6194"}],"collection":[{"href":"https:\/\/b2b.manterol.es\/manterol.es\/wp-json\/wp\/v2\/pages"}],"about":[{"href":"https:\/\/b2b.manterol.es\/manterol.es\/wp-json\/wp\/v2\/types\/page"}],"author":[{"embeddable":true,"href":"https:\/\/b2b.manterol.es\/manterol.es\/wp-json\/wp\/v2\/users\/5"}],"replies":[{"embeddable":true,"href":"https:\/\/b2b.manterol.es\/manterol.es\/wp-json\/wp\/v2\/comments?post=6194"}],"version-history":[{"count":2,"href":"https:\/\/b2b.manterol.es\/manterol.es\/wp-json\/wp\/v2\/pages\/6194\/revisions"}],"predecessor-version":[{"id":6219,"href":"https:\/\/b2b.manterol.es\/manterol.es\/wp-json\/wp\/v2\/pages\/6194\/revisions\/6219"}],"wp:attachment":[{"href":"https:\/\/b2b.manterol.es\/manterol.es\/wp-json\/wp\/v2\/media?parent=6194"}],"curies":[{"name":"wp","href":"https:\/\/api.w.org\/{rel}","templated":true}]}}