{"id":3935,"date":"2020-05-05T10:39:40","date_gmt":"2020-05-05T08:39:40","guid":{"rendered":"https:\/\/www.manterol.es\/?page_id=3935"},"modified":"2022-07-05T15:28:54","modified_gmt":"2022-07-05T13:28:54","slug":"compromiso","status":"publish","type":"page","link":"https:\/\/b2b.manterol.es\/manterol.es\/compromiso\/","title":{"rendered":"COMPROMISO"},"content":{"rendered":"\t\t<div data-elementor-type=\"wp-page\" data-elementor-id=\"3935\" class=\"elementor elementor-3935\">\n\t\t\t\t\t\t<div class=\"elementor-inner\">\n\t\t\t\t<div class=\"elementor-section-wrap\">\n\t\t\t\t\t\t\t\t\t<section class=\"elementor-section elementor-top-section elementor-element elementor-element-50b1445a elementor-section-boxed elementor-section-height-default elementor-section-height-default\" data-id=\"50b1445a\" data-element_type=\"section\" data-settings=\"{&quot;background_background&quot;:&quot;classic&quot;}\">\n\t\t\t\t\t\t\t<div class=\"elementor-background-overlay\"><\/div>\n\t\t\t\t\t\t\t<div class=\"elementor-container elementor-column-gap-default\">\n\t\t\t\t\t\t\t<div class=\"elementor-row\">\n\t\t\t\t\t<div class=\"elementor-column elementor-col-100 elementor-top-column elementor-element elementor-element-a8d822d\" data-id=\"a8d822d\" data-element_type=\"column\">\n\t\t\t<div class=\"elementor-column-wrap\">\n\t\t\t\t\t\t\t<div class=\"elementor-widget-wrap\">\n\t\t\t\t\t\t\t\t<\/div>\n\t\t\t\t\t<\/div>\n\t\t<\/div>\n\t\t\t\t\t\t\t\t<\/div>\n\t\t\t\t\t<\/div>\n\t\t<\/section>\n\t\t\t\t<section class=\"elementor-section elementor-top-section elementor-element elementor-element-296981f0 elementor-section-boxed elementor-section-height-default elementor-section-height-default\" data-id=\"296981f0\" data-element_type=\"section\" data-settings=\"{&quot;background_background&quot;:&quot;classic&quot;}\">\n\t\t\t\t\t\t<div class=\"elementor-container elementor-column-gap-default\">\n\t\t\t\t\t\t\t<div class=\"elementor-row\">\n\t\t\t\t\t<div class=\"elementor-column elementor-col-100 elementor-top-column elementor-element elementor-element-29b96056\" data-id=\"29b96056\" data-element_type=\"column\">\n\t\t\t<div class=\"elementor-column-wrap elementor-element-populated\">\n\t\t\t\t\t\t\t<div class=\"elementor-widget-wrap\">\n\t\t\t\t\t\t<div class=\"elementor-element elementor-element-bd7f7de elementor-widget elementor-widget-image\" data-id=\"bd7f7de\" data-element_type=\"widget\" data-widget_type=\"image.default\">\n\t\t\t\t<div class=\"elementor-widget-container\">\n\t\t\t\t\t\t\t\t<div class=\"elementor-image\">\n\t\t\t\t\t\t\t\t\t\t\t\t<img width=\"300\" height=\"54\" src=\"https:\/\/b2b.manterol.es\/manterol.es\/wp-content\/uploads\/2017\/01\/Imagen2-300x54.jpg\" class=\"attachment-medium size-medium wp-image-952\" alt=\"\" loading=\"lazy\" srcset=\"https:\/\/b2b.manterol.es\/manterol.es\/wp-content\/uploads\/2017\/01\/Imagen2-300x54.jpg 300w, https:\/\/b2b.manterol.es\/manterol.es\/wp-content\/uploads\/2017\/01\/Imagen2-200x36.jpg 200w, https:\/\/b2b.manterol.es\/manterol.es\/wp-content\/uploads\/2017\/01\/Imagen2-400x73.jpg 400w, https:\/\/b2b.manterol.es\/manterol.es\/wp-content\/uploads\/2017\/01\/Imagen2.jpg 567w\" sizes=\"(max-width: 300px) 100vw, 300px\" \/>\t\t\t\t\t\t\t\t\t\t\t\t\t\t<\/div>\n\t\t\t\t\t\t<\/div>\n\t\t\t\t<\/div>\n\t\t\t\t<div class=\"elementor-element elementor-element-23a00cc7 elementor-widget elementor-widget-heading\" data-id=\"23a00cc7\" data-element_type=\"widget\" data-widget_type=\"heading.default\">\n\t\t\t\t<div class=\"elementor-widget-container\">\n\t\t\t<h1 class=\"elementor-heading-title elementor-size-large\">comprometido con un planeta + sano<\/h1>\t\t<\/div>\n\t\t\t\t<\/div>\n\t\t\t\t<section class=\"elementor-section elementor-inner-section elementor-element elementor-element-357e7cff elementor-section-boxed elementor-section-height-default elementor-section-height-default\" data-id=\"357e7cff\" data-element_type=\"section\">\n\t\t\t\t\t\t<div class=\"elementor-container elementor-column-gap-no\">\n\t\t\t\t\t\t\t<div class=\"elementor-row\">\n\t\t\t\t\t<div class=\"elementor-column elementor-col-50 elementor-inner-column elementor-element elementor-element-95418e5\" data-id=\"95418e5\" data-element_type=\"column\">\n\t\t\t<div class=\"elementor-column-wrap elementor-element-populated\">\n\t\t\t\t\t\t\t<div class=\"elementor-widget-wrap\">\n\t\t\t\t\t\t<div class=\"elementor-element elementor-element-a93f5b3 elementor-widget elementor-widget-text-editor\" data-id=\"a93f5b3\" data-element_type=\"widget\" data-widget_type=\"text-editor.default\">\n\t\t\t\t<div class=\"elementor-widget-container\">\n\t\t\t\t\t\t\t\t<div class=\"elementor-text-editor elementor-clearfix\">\n\t\t\t\t<p style=\"text-align: left;\">Nuestro principal empe\u00f1o es continuar desarrollando nuevos productos m\u00e1s responsables y sostenibles con el medio ambiente\u200b.<\/p>\t\t\t\t\t<\/div>\n\t\t\t\t\t\t<\/div>\n\t\t\t\t<\/div>\n\t\t\t\t\t\t<\/div>\n\t\t\t\t\t<\/div>\n\t\t<\/div>\n\t\t\t\t<div class=\"elementor-column elementor-col-50 elementor-inner-column elementor-element elementor-element-741aecb\" data-id=\"741aecb\" data-element_type=\"column\">\n\t\t\t<div class=\"elementor-column-wrap elementor-element-populated\">\n\t\t\t\t\t\t\t<div class=\"elementor-widget-wrap\">\n\t\t\t\t\t\t<div class=\"elementor-element elementor-element-704c982 elementor-widget elementor-widget-text-editor\" data-id=\"704c982\" data-element_type=\"widget\" data-widget_type=\"text-editor.default\">\n\t\t\t\t<div class=\"elementor-widget-container\">\n\t\t\t\t\t\t\t\t<div class=\"elementor-text-editor elementor-clearfix\">\n\t\t\t\t<p style=\"text-align: left;\">Manterol Company committed to the environment , developing Ecofriendly products in all our collections.<\/p>\t\t\t\t\t<\/div>\n\t\t\t\t\t\t<\/div>\n\t\t\t\t<\/div>\n\t\t\t\t\t\t<\/div>\n\t\t\t\t\t<\/div>\n\t\t<\/div>\n\t\t\t\t\t\t\t\t<\/div>\n\t\t\t\t\t<\/div>\n\t\t<\/section>\n\t\t\t\t<section class=\"elementor-section elementor-inner-section elementor-element elementor-element-3bdcdb4 elementor-section-boxed elementor-section-height-default elementor-section-height-default\" data-id=\"3bdcdb4\" data-element_type=\"section\">\n\t\t\t\t\t\t<div class=\"elementor-container elementor-column-gap-no\">\n\t\t\t\t\t\t\t<div class=\"elementor-row\">\n\t\t\t\t\t<div class=\"elementor-column elementor-col-100 elementor-inner-column elementor-element elementor-element-3dcd9a9\" data-id=\"3dcd9a9\" data-element_type=\"column\">\n\t\t\t<div class=\"elementor-column-wrap elementor-element-populated\">\n\t\t\t\t\t\t\t<div class=\"elementor-widget-wrap\">\n\t\t\t\t\t\t<div class=\"elementor-element elementor-element-952db52 elementor-widget elementor-widget-image\" data-id=\"952db52\" data-element_type=\"widget\" data-widget_type=\"image.default\">\n\t\t\t\t<div class=\"elementor-widget-container\">\n\t\t\t\t\t\t\t\t<div class=\"elementor-image\">\n\t\t\t\t\t\t\t\t\t\t\t\t<img width=\"768\" height=\"416\" src=\"https:\/\/b2b.manterol.es\/manterol.es\/wp-content\/uploads\/2020\/05\/logo-mt-768x416.png\" class=\"attachment-medium_large size-medium_large wp-image-3948\" alt=\"\" loading=\"lazy\" srcset=\"https:\/\/b2b.manterol.es\/manterol.es\/wp-content\/uploads\/2020\/05\/logo-mt-768x416.png 768w, https:\/\/b2b.manterol.es\/manterol.es\/wp-content\/uploads\/2020\/05\/logo-mt-300x163.png 300w, https:\/\/b2b.manterol.es\/manterol.es\/wp-content\/uploads\/2020\/05\/logo-mt-1024x555.png 1024w, https:\/\/b2b.manterol.es\/manterol.es\/wp-content\/uploads\/2020\/05\/logo-mt-200x108.png 200w, https:\/\/b2b.manterol.es\/manterol.es\/wp-content\/uploads\/2020\/05\/logo-mt-400x217.png 400w, https:\/\/b2b.manterol.es\/manterol.es\/wp-content\/uploads\/2020\/05\/logo-mt-600x325.png 600w, https:\/\/b2b.manterol.es\/manterol.es\/wp-content\/uploads\/2020\/05\/logo-mt-800x434.png 800w, https:\/\/b2b.manterol.es\/manterol.es\/wp-content\/uploads\/2020\/05\/logo-mt-1200x650.png 1200w\" sizes=\"(max-width: 768px) 100vw, 768px\" \/>\t\t\t\t\t\t\t\t\t\t\t\t\t\t<\/div>\n\t\t\t\t\t\t<\/div>\n\t\t\t\t<\/div>\n\t\t\t\t\t\t<\/div>\n\t\t\t\t\t<\/div>\n\t\t<\/div>\n\t\t\t\t\t\t\t\t<\/div>\n\t\t\t\t\t<\/div>\n\t\t<\/section>\n\t\t\t\t<section class=\"elementor-section elementor-inner-section elementor-element elementor-element-ea5aee8 elementor-section-boxed elementor-section-height-default elementor-section-height-default\" data-id=\"ea5aee8\" data-element_type=\"section\">\n\t\t\t\t\t\t<div class=\"elementor-container elementor-column-gap-no\">\n\t\t\t\t\t\t\t<div class=\"elementor-row\">\n\t\t\t\t\t<div class=\"elementor-column elementor-col-100 elementor-inner-column elementor-element elementor-element-28271c7\" data-id=\"28271c7\" data-element_type=\"column\">\n\t\t\t<div class=\"elementor-column-wrap elementor-element-populated\">\n\t\t\t\t\t\t\t<div class=\"elementor-widget-wrap\">\n\t\t\t\t\t\t<div class=\"elementor-element elementor-element-f5d3a06 elementor-widget elementor-widget-image\" data-id=\"f5d3a06\" data-element_type=\"widget\" data-widget_type=\"image.default\">\n\t\t\t\t<div class=\"elementor-widget-container\">\n\t\t\t\t\t\t\t\t<div class=\"elementor-image\">\n\t\t\t\t\t\t\t\t\t\t\t\t<img width=\"800\" height=\"290\" src=\"https:\/\/b2b.manterol.es\/manterol.es\/wp-content\/uploads\/2020\/05\/foto-1024x371.png\" class=\"attachment-large size-large wp-image-3947\" alt=\"\" loading=\"lazy\" srcset=\"https:\/\/b2b.manterol.es\/manterol.es\/wp-content\/uploads\/2020\/05\/foto-1024x371.png 1024w, https:\/\/b2b.manterol.es\/manterol.es\/wp-content\/uploads\/2020\/05\/foto-300x109.png 300w, https:\/\/b2b.manterol.es\/manterol.es\/wp-content\/uploads\/2020\/05\/foto-768x278.png 768w, https:\/\/b2b.manterol.es\/manterol.es\/wp-content\/uploads\/2020\/05\/foto-200x72.png 200w, https:\/\/b2b.manterol.es\/manterol.es\/wp-content\/uploads\/2020\/05\/foto-400x145.png 400w, https:\/\/b2b.manterol.es\/manterol.es\/wp-content\/uploads\/2020\/05\/foto-600x217.png 600w, https:\/\/b2b.manterol.es\/manterol.es\/wp-content\/uploads\/2020\/05\/foto-800x290.png 800w, https:\/\/b2b.manterol.es\/manterol.es\/wp-content\/uploads\/2020\/05\/foto-1200x434.png 1200w\" sizes=\"(max-width: 800px) 100vw, 800px\" \/>\t\t\t\t\t\t\t\t\t\t\t\t\t\t<\/div>\n\t\t\t\t\t\t<\/div>\n\t\t\t\t<\/div>\n\t\t\t\t\t\t<\/div>\n\t\t\t\t\t<\/div>\n\t\t<\/div>\n\t\t\t\t\t\t\t\t<\/div>\n\t\t\t\t\t<\/div>\n\t\t<\/section>\n\t\t\t\t\t\t<\/div>\n\t\t\t\t\t<\/div>\n\t\t<\/div>\n\t\t\t\t\t\t\t\t<\/div>\n\t\t\t\t\t<\/div>\n\t\t<\/section>\n\t\t\t\t<section class=\"elementor-section elementor-top-section elementor-element elementor-element-208ab321 elementor-section-content-middle elementor-section-boxed elementor-section-height-default elementor-section-height-default\" data-id=\"208ab321\" data-element_type=\"section\" data-settings=\"{&quot;background_background&quot;:&quot;classic&quot;}\">\n\t\t\t\t\t\t<div class=\"elementor-container elementor-column-gap-no\">\n\t\t\t\t\t\t\t<div class=\"elementor-row\">\n\t\t\t\t\t<div class=\"elementor-column elementor-col-50 elementor-top-column elementor-element elementor-element-336843f0\" data-id=\"336843f0\" data-element_type=\"column\">\n\t\t\t<div class=\"elementor-column-wrap\">\n\t\t\t\t\t\t\t<div class=\"elementor-widget-wrap\">\n\t\t\t\t\t\t\t\t<\/div>\n\t\t\t\t\t<\/div>\n\t\t<\/div>\n\t\t\t\t<div class=\"elementor-column elementor-col-50 elementor-top-column elementor-element elementor-element-61254c6\" data-id=\"61254c6\" data-element_type=\"column\" data-settings=\"{&quot;background_background&quot;:&quot;classic&quot;}\">\n\t\t\t<div class=\"elementor-column-wrap elementor-element-populated\">\n\t\t\t\t\t\t\t<div class=\"elementor-widget-wrap\">\n\t\t\t\t\t\t<div class=\"elementor-element elementor-element-393bfd5 elementor-widget elementor-widget-text-editor\" data-id=\"393bfd5\" data-element_type=\"widget\" data-widget_type=\"text-editor.default\">\n\t\t\t\t<div class=\"elementor-widget-container\">\n\t\t\t\t\t\t\t\t<div class=\"elementor-text-editor elementor-clearfix\">\n\t\t\t\t<p>Made in Green by OEKO-TEX\u00ae reemplaza a la etiqueta \u201cMade in Green by AITEX\u201d, y a escala global, sustituye a la etiqueta OEKO-TEX\u00ae Standard 100plus. La nueva etiqueta certifica que los productos textiles son seguros en t\u00e9rminos de ecolog\u00eda humana y producida de manera sostenible y socialmente responsable.\u00a0<\/p>\t\t\t\t\t<\/div>\n\t\t\t\t\t\t<\/div>\n\t\t\t\t<\/div>\n\t\t\t\t\t\t<\/div>\n\t\t\t\t\t<\/div>\n\t\t<\/div>\n\t\t\t\t\t\t\t\t<\/div>\n\t\t\t\t\t<\/div>\n\t\t<\/section>\n\t\t\t\t<section class=\"elementor-section elementor-top-section elementor-element elementor-element-39163bcc elementor-section-content-middle elementor-reverse-mobile elementor-section-boxed elementor-section-height-default elementor-section-height-default\" data-id=\"39163bcc\" data-element_type=\"section\" data-settings=\"{&quot;background_background&quot;:&quot;classic&quot;}\">\n\t\t\t\t\t\t<div class=\"elementor-container elementor-column-gap-no\">\n\t\t\t\t\t\t\t<div class=\"elementor-row\">\n\t\t\t\t\t<div class=\"elementor-column elementor-col-50 elementor-top-column elementor-element elementor-element-2d544dd8\" data-id=\"2d544dd8\" data-element_type=\"column\" data-settings=\"{&quot;background_background&quot;:&quot;classic&quot;}\">\n\t\t\t<div class=\"elementor-column-wrap elementor-element-populated\">\n\t\t\t\t\t\t\t<div class=\"elementor-widget-wrap\">\n\t\t\t\t\t\t<div class=\"elementor-element elementor-element-442abfe8 elementor-widget elementor-widget-text-editor\" data-id=\"442abfe8\" data-element_type=\"widget\" data-widget_type=\"text-editor.default\">\n\t\t\t\t<div class=\"elementor-widget-container\">\n\t\t\t\t\t\t\t\t<div class=\"elementor-text-editor elementor-clearfix\">\n\t\t\t\t<p>La organizaci\u00f3n sin \u00e1nimo de lucro que cuida del medio ambiente a trav\u00e9s del reciclaje y el ecodise\u00f1o de los envases en Espa\u00f1a. Hacemos posible que los envases de pl\u00e1stico, latas y briks (contenedor amarillo) y los envases de cart\u00f3n y papel (contenedor azul) puedan tener una segunda vida.<\/p>\t\t\t\t\t<\/div>\n\t\t\t\t\t\t<\/div>\n\t\t\t\t<\/div>\n\t\t\t\t\t\t<\/div>\n\t\t\t\t\t<\/div>\n\t\t<\/div>\n\t\t\t\t<div class=\"elementor-column elementor-col-50 elementor-top-column elementor-element elementor-element-14df7059\" data-id=\"14df7059\" data-element_type=\"column\">\n\t\t\t<div class=\"elementor-column-wrap elementor-element-populated\">\n\t\t\t\t\t\t\t<div class=\"elementor-widget-wrap\">\n\t\t\t\t\t\t<div class=\"elementor-element elementor-element-6aa95764 elementor-widget elementor-widget-image\" data-id=\"6aa95764\" data-element_type=\"widget\" data-widget_type=\"image.default\">\n\t\t\t\t<div class=\"elementor-widget-container\">\n\t\t\t\t\t\t\t\t<div class=\"elementor-image\">\n\t\t\t\t\t\t\t\t\t\t\t\t<img width=\"211\" height=\"146\" src=\"https:\/\/b2b.manterol.es\/manterol.es\/wp-content\/uploads\/2020\/05\/2.jpg\" class=\"attachment-large size-large wp-image-3954\" alt=\"\" loading=\"lazy\" srcset=\"https:\/\/b2b.manterol.es\/manterol.es\/wp-content\/uploads\/2020\/05\/2.jpg 211w, https:\/\/b2b.manterol.es\/manterol.es\/wp-content\/uploads\/2020\/05\/2-200x138.jpg 200w\" sizes=\"(max-width: 211px) 100vw, 211px\" \/>\t\t\t\t\t\t\t\t\t\t\t\t\t\t<\/div>\n\t\t\t\t\t\t<\/div>\n\t\t\t\t<\/div>\n\t\t\t\t\t\t<\/div>\n\t\t\t\t\t<\/div>\n\t\t<\/div>\n\t\t\t\t\t\t\t\t<\/div>\n\t\t\t\t\t<\/div>\n\t\t<\/section>\n\t\t\t\t\t\t\t\t\t<\/div>\n\t\t\t<\/div>\n\t\t\t\t\t<\/div>\n\t\t","protected":false},"excerpt":{"rendered":"<p>comprometido con un planeta + sano Nuestro principal empe\u00f1o es continuar desarrollando nuevos productos m\u00e1s responsables y sostenibles con el medio ambiente?. Manterol Company committed to the environment , developing Ecofriendly products in all our collections. Made in Green by OEKO-TEX\u00ae reemplaza a la etiqueta \u201cMade in Green by AITEX\u201d, y a escala global, sustituye a la etiqueta OEKO-TEX\u00ae Standard 100plus. La nueva etiqueta certifica que los productos textiles son seguros en t\u00e9rminos de ecolog\u00eda humana y producida de manera sostenible y socialmente responsable.\u00a0 La organizaci\u00f3n sin \u00e1nimo de lucro que cuida del medio ambiente a trav\u00e9s del reciclaje y el ecodise\u00f1o de los envases en Espa\u00f1a. Hacemos posible que los envases de pl\u00e1stico, latas y briks (contenedor amarillo) y los envases de cart\u00f3n y papel (contenedor azul) puedan tener una segunda vida.<\/p>\n","protected":false},"author":3,"featured_media":0,"parent":0,"menu_order":0,"comment_status":"closed","ping_status":"closed","template":"","meta":[],"yoast_head":"<!-- This site is optimized with the Yoast SEO plugin v15.9 - https:\/\/yoast.com\/wordpress\/plugins\/seo\/ -->\r\n<title>COMPROMISO - MANTEROL GRUPO<\/title>\r\n<meta name=\"robots\" content=\"index, follow, max-snippet:-1, max-image-preview:large, max-video-preview:-1\" \/>\r\n<link rel=\"canonical\" href=\"https:\/\/b2b.manterol.es\/manterol.es\/compromiso\/\" \/>\r\n<meta property=\"og:locale\" content=\"es_ES\" \/>\r\n<meta property=\"og:type\" content=\"article\" \/>\r\n<meta property=\"og:title\" content=\"COMPROMISO - MANTEROL GRUPO\" \/>\r\n<meta property=\"og:description\" content=\"comprometido con un planeta + sano Nuestro principal empe\u00f1o es continuar desarrollando nuevos productos m\u00e1s responsables y sostenibles con el medio ambiente?. Manterol Company committed to the environment , developing Ecofriendly products in all our collections. Made in Green by OEKO-TEX\u00ae reemplaza a la etiqueta \u201cMade in Green by AITEX\u201d, y a escala global, sustituye a la etiqueta OEKO-TEX\u00ae Standard 100plus. La nueva etiqueta certifica que los productos textiles son seguros en t\u00e9rminos de ecolog\u00eda humana y producida de manera sostenible y socialmente responsable.\u00a0 La organizaci\u00f3n sin \u00e1nimo de lucro que cuida del medio ambiente a trav\u00e9s del reciclaje y el ecodise\u00f1o de los envases en Espa\u00f1a. Hacemos posible que los envases de pl\u00e1stico, latas y briks (contenedor amarillo) y los envases de cart\u00f3n y papel (contenedor azul) puedan tener una segunda vida.\" \/>\r\n<meta property=\"og:url\" content=\"https:\/\/b2b.manterol.es\/manterol.es\/compromiso\/\" \/>\r\n<meta property=\"og:site_name\" content=\"MANTEROL GRUPO\" \/>\r\n<meta property=\"article:publisher\" content=\"https:\/\/www.facebook.com\/manterolcasa\" \/>\r\n<meta property=\"article:modified_time\" content=\"2022-07-05T13:28:54+00:00\" \/>\r\n<meta property=\"og:image\" content=\"https:\/\/www.manterol.es\/wp-content\/uploads\/2017\/01\/Imagen2-300x54.jpg\" \/>\r\n<meta name=\"twitter:card\" content=\"summary_large_image\" \/>\r\n<meta name=\"twitter:label1\" content=\"Tiempo de lectura\">\n\t<meta name=\"twitter:data1\" content=\"2 minutos\">\r\n<script type=\"application\/ld+json\" class=\"yoast-schema-graph\">{\"@context\":\"https:\/\/schema.org\",\"@graph\":[{\"@type\":\"Organization\",\"@id\":\"https:\/\/b2b.manterol.es\/manterol.es\/#organization\",\"name\":\"Manterol Casa\",\"url\":\"https:\/\/b2b.manterol.es\/manterol.es\/\",\"sameAs\":[\"https:\/\/www.facebook.com\/manterolcasa\"],\"logo\":{\"@type\":\"ImageObject\",\"@id\":\"https:\/\/b2b.manterol.es\/manterol.es\/#logo\",\"inLanguage\":\"es\",\"url\":\"https:\/\/b2b.manterol.es\/manterol.es\/wp-content\/uploads\/2017\/04\/manterol-grupo-INICIO.jpg\",\"width\":255,\"height\":22,\"caption\":\"Manterol Casa\"},\"image\":{\"@id\":\"https:\/\/b2b.manterol.es\/manterol.es\/#logo\"}},{\"@type\":\"WebSite\",\"@id\":\"https:\/\/b2b.manterol.es\/manterol.es\/#website\",\"url\":\"https:\/\/b2b.manterol.es\/manterol.es\/\",\"name\":\"MANTEROL GRUPO\",\"description\":\"Ropa de Cama y Textiles para el Hogar\",\"publisher\":{\"@id\":\"https:\/\/b2b.manterol.es\/manterol.es\/#organization\"},\"potentialAction\":[{\"@type\":\"SearchAction\",\"target\":\"https:\/\/b2b.manterol.es\/manterol.es\/?s={search_term_string}\",\"query-input\":\"required name=search_term_string\"}],\"inLanguage\":\"es\"},{\"@type\":\"ImageObject\",\"@id\":\"https:\/\/b2b.manterol.es\/manterol.es\/compromiso\/#primaryimage\",\"inLanguage\":\"es\",\"url\":\"https:\/\/www.manterol.es\/wp-content\/uploads\/2017\/01\/Imagen2-300x54.jpg\"},{\"@type\":\"WebPage\",\"@id\":\"https:\/\/b2b.manterol.es\/manterol.es\/compromiso\/#webpage\",\"url\":\"https:\/\/b2b.manterol.es\/manterol.es\/compromiso\/\",\"name\":\"COMPROMISO - MANTEROL GRUPO\",\"isPartOf\":{\"@id\":\"https:\/\/b2b.manterol.es\/manterol.es\/#website\"},\"primaryImageOfPage\":{\"@id\":\"https:\/\/b2b.manterol.es\/manterol.es\/compromiso\/#primaryimage\"},\"datePublished\":\"2020-05-05T08:39:40+00:00\",\"dateModified\":\"2022-07-05T13:28:54+00:00\",\"breadcrumb\":{\"@id\":\"https:\/\/b2b.manterol.es\/manterol.es\/compromiso\/#breadcrumb\"},\"inLanguage\":\"es\",\"potentialAction\":[{\"@type\":\"ReadAction\",\"target\":[\"https:\/\/b2b.manterol.es\/manterol.es\/compromiso\/\"]}]},{\"@type\":\"BreadcrumbList\",\"@id\":\"https:\/\/b2b.manterol.es\/manterol.es\/compromiso\/#breadcrumb\",\"itemListElement\":[{\"@type\":\"ListItem\",\"position\":1,\"item\":{\"@type\":\"WebPage\",\"@id\":\"https:\/\/b2b.manterol.es\/manterol.es\/\",\"url\":\"https:\/\/b2b.manterol.es\/manterol.es\/\",\"name\":\"Portada\"}},{\"@type\":\"ListItem\",\"position\":2,\"item\":{\"@type\":\"WebPage\",\"@id\":\"https:\/\/b2b.manterol.es\/manterol.es\/compromiso\/\",\"url\":\"https:\/\/b2b.manterol.es\/manterol.es\/compromiso\/\",\"name\":\"COMPROMISO\"}}]}]}<\/script>\r\n<!-- \/ Yoast SEO plugin. -->","_links":{"self":[{"href":"https:\/\/b2b.manterol.es\/manterol.es\/wp-json\/wp\/v2\/pages\/3935"}],"collection":[{"href":"https:\/\/b2b.manterol.es\/manterol.es\/wp-json\/wp\/v2\/pages"}],"about":[{"href":"https:\/\/b2b.manterol.es\/manterol.es\/wp-json\/wp\/v2\/types\/page"}],"author":[{"embeddable":true,"href":"https:\/\/b2b.manterol.es\/manterol.es\/wp-json\/wp\/v2\/users\/3"}],"replies":[{"embeddable":true,"href":"https:\/\/b2b.manterol.es\/manterol.es\/wp-json\/wp\/v2\/comments?post=3935"}],"version-history":[{"count":22,"href":"https:\/\/b2b.manterol.es\/manterol.es\/wp-json\/wp\/v2\/pages\/3935\/revisions"}],"predecessor-version":[{"id":6014,"href":"https:\/\/b2b.manterol.es\/manterol.es\/wp-json\/wp\/v2\/pages\/3935\/revisions\/6014"}],"wp:attachment":[{"href":"https:\/\/b2b.manterol.es\/manterol.es\/wp-json\/wp\/v2\/media?parent=3935"}],"curies":[{"name":"wp","href":"https:\/\/api.w.org\/{rel}","templated":true}]}}