{"id":1233,"date":"2017-04-24T10:02:15","date_gmt":"2017-04-24T08:02:15","guid":{"rendered":"https:\/\/www.manterol.es\/?page_id=1233"},"modified":"2021-08-30T10:34:27","modified_gmt":"2021-08-30T08:34:27","slug":"asociaciones","status":"publish","type":"page","link":"https:\/\/b2b.manterol.es\/manterol.es\/quienes-somos\/asociaciones\/","title":{"rendered":"Asociaciones"},"content":{"rendered":"\t\t<div data-elementor-type=\"wp-page\" data-elementor-id=\"1233\" class=\"elementor elementor-1233\">\n\t\t\t\t\t\t<div class=\"elementor-inner\">\n\t\t\t\t<div class=\"elementor-section-wrap\">\n\t\t\t\t\t\t\t\t\t<section class=\"elementor-section elementor-top-section elementor-element elementor-element-4dbbf245 elementor-section-content-middle elementor-section-boxed elementor-section-height-default elementor-section-height-default\" data-id=\"4dbbf245\" data-element_type=\"section\">\n\t\t\t\t\t\t<div class=\"elementor-container elementor-column-gap-no\">\n\t\t\t\t\t\t\t<div class=\"elementor-row\">\n\t\t\t\t\t<div class=\"elementor-column elementor-col-33 elementor-top-column elementor-element elementor-element-6beb4fe3\" data-id=\"6beb4fe3\" data-element_type=\"column\">\n\t\t\t<div class=\"elementor-column-wrap elementor-element-populated\">\n\t\t\t\t\t\t\t<div class=\"elementor-widget-wrap\">\n\t\t\t\t\t\t<div class=\"elementor-element elementor-element-6590a74 elementor-widget elementor-widget-text-editor\" data-id=\"6590a74\" data-element_type=\"widget\" data-widget_type=\"text-editor.default\">\n\t\t\t\t<div class=\"elementor-widget-container\">\n\t\t\t\t\t\t\t\t<div class=\"elementor-text-editor elementor-clearfix\">\n\t\t\t\t<p><span class=\"s1\">ATEVAL, <b>Asociaci\u00f3n de Empresarios Textiles de la Comunidad Valenciana<\/b>, fue fundada en el a\u00f1o 1977. Actualmente cuenta con m\u00e1s de 570 empresas del sector Textil asociadas, las cuales representan una plantilla laboral de casi 19.000 puestos de trabajo directos<\/span><\/p>\t\t\t\t\t<\/div>\n\t\t\t\t\t\t<\/div>\n\t\t\t\t<\/div>\n\t\t\t\t<div class=\"elementor-element elementor-element-8b7b7cf elementor-widget elementor-widget-image\" data-id=\"8b7b7cf\" data-element_type=\"widget\" data-widget_type=\"image.default\">\n\t\t\t\t<div class=\"elementor-widget-container\">\n\t\t\t\t\t\t\t\t<div class=\"elementor-image\">\n\t\t\t\t\t\t\t\t\t\t\t\t<img width=\"343\" height=\"147\" src=\"https:\/\/b2b.manterol.es\/manterol.es\/wp-content\/uploads\/2021\/08\/3.jpg\" class=\"elementor-animation-grow attachment-full size-full wp-image-5544\" alt=\"\" loading=\"lazy\" srcset=\"https:\/\/b2b.manterol.es\/manterol.es\/wp-content\/uploads\/2021\/08\/3.jpg 343w, https:\/\/b2b.manterol.es\/manterol.es\/wp-content\/uploads\/2021\/08\/3-300x129.jpg 300w\" sizes=\"(max-width: 343px) 100vw, 343px\" \/>\t\t\t\t\t\t\t\t\t\t\t\t\t\t<\/div>\n\t\t\t\t\t\t<\/div>\n\t\t\t\t<\/div>\n\t\t\t\t\t\t<\/div>\n\t\t\t\t\t<\/div>\n\t\t<\/div>\n\t\t\t\t<div class=\"elementor-column elementor-col-33 elementor-top-column elementor-element elementor-element-bd51dab\" data-id=\"bd51dab\" data-element_type=\"column\">\n\t\t\t<div class=\"elementor-column-wrap elementor-element-populated\">\n\t\t\t\t\t\t\t<div class=\"elementor-widget-wrap\">\n\t\t\t\t\t\t<div class=\"elementor-element elementor-element-5127e2fa elementor-widget elementor-widget-image\" data-id=\"5127e2fa\" data-element_type=\"widget\" data-widget_type=\"image.default\">\n\t\t\t\t<div class=\"elementor-widget-container\">\n\t\t\t\t\t\t\t\t<div class=\"elementor-image\">\n\t\t\t\t\t\t\t\t\t\t\t\t<img width=\"283\" height=\"191\" src=\"https:\/\/b2b.manterol.es\/manterol.es\/wp-content\/uploads\/2017\/04\/AITEX.jpg\" class=\"elementor-animation-grow attachment-full size-full wp-image-1761\" alt=\"\" loading=\"lazy\" srcset=\"https:\/\/b2b.manterol.es\/manterol.es\/wp-content\/uploads\/2017\/04\/AITEX.jpg 283w, https:\/\/b2b.manterol.es\/manterol.es\/wp-content\/uploads\/2017\/04\/AITEX-200x135.jpg 200w\" sizes=\"(max-width: 283px) 100vw, 283px\" \/>\t\t\t\t\t\t\t\t\t\t\t\t\t\t<\/div>\n\t\t\t\t\t\t<\/div>\n\t\t\t\t<\/div>\n\t\t\t\t<div class=\"elementor-element elementor-element-6ed8c25f elementor-widget elementor-widget-text-editor\" data-id=\"6ed8c25f\" data-element_type=\"widget\" data-widget_type=\"text-editor.default\">\n\t\t\t\t<div class=\"elementor-widget-container\">\n\t\t\t\t\t\t\t\t<div class=\"elementor-text-editor elementor-clearfix\">\n\t\t\t\t<p class=\"p1\"><span class=\"s1\">El <b>Instituto Tecnol\u00f3gico Textil AITEX<\/b>, es un centro tecnol\u00f3gico dedicado a la investigaci\u00f3n en los \u00e1mbitos del conocimiento de la ciencia y la tecnolog\u00eda que tengan aplicaci\u00f3n en la industria textil.<\/span><\/p>\t\t\t\t\t<\/div>\n\t\t\t\t\t\t<\/div>\n\t\t\t\t<\/div>\n\t\t\t\t\t\t<\/div>\n\t\t\t\t\t<\/div>\n\t\t<\/div>\n\t\t\t\t<div class=\"elementor-column elementor-col-33 elementor-top-column elementor-element elementor-element-66cd67f5\" data-id=\"66cd67f5\" data-element_type=\"column\">\n\t\t\t<div class=\"elementor-column-wrap elementor-element-populated\">\n\t\t\t\t\t\t\t<div class=\"elementor-widget-wrap\">\n\t\t\t\t\t\t<div class=\"elementor-element elementor-element-50798b4 elementor-widget elementor-widget-text-editor\" data-id=\"50798b4\" data-element_type=\"widget\" data-widget_type=\"text-editor.default\">\n\t\t\t\t<div class=\"elementor-widget-container\">\n\t\t\t\t\t\t\t\t<div class=\"elementor-text-editor elementor-clearfix\">\n\t\t\t\t<p><span class=\"s1\">IVEFA es el espacio y la voz de la empresa familiar. Una asociaci\u00f3n empresarial independiente sin \u00e1nimo de lucro, a la que pertenecen m\u00e1s de 170 grupos familiares, que representan a m\u00e1s de 350 de empresas familiares valencianas.<\/span><\/p>\t\t\t\t\t<\/div>\n\t\t\t\t\t\t<\/div>\n\t\t\t\t<\/div>\n\t\t\t\t<div class=\"elementor-element elementor-element-3e94f654 elementor-widget elementor-widget-image\" data-id=\"3e94f654\" data-element_type=\"widget\" data-widget_type=\"image.default\">\n\t\t\t\t<div class=\"elementor-widget-container\">\n\t\t\t\t\t\t\t\t<div class=\"elementor-image\">\n\t\t\t\t\t\t\t\t\t\t\t\t<img width=\"220\" height=\"143\" src=\"https:\/\/b2b.manterol.es\/manterol.es\/wp-content\/uploads\/2017\/04\/ivefa-1.jpg\" class=\"elementor-animation-grow attachment-full size-full wp-image-1427\" alt=\"\" loading=\"lazy\" srcset=\"https:\/\/b2b.manterol.es\/manterol.es\/wp-content\/uploads\/2017\/04\/ivefa-1.jpg 220w, https:\/\/b2b.manterol.es\/manterol.es\/wp-content\/uploads\/2017\/04\/ivefa-1-200x130.jpg 200w\" sizes=\"(max-width: 220px) 100vw, 220px\" \/>\t\t\t\t\t\t\t\t\t\t\t\t\t\t<\/div>\n\t\t\t\t\t\t<\/div>\n\t\t\t\t<\/div>\n\t\t\t\t\t\t<\/div>\n\t\t\t\t\t<\/div>\n\t\t<\/div>\n\t\t\t\t\t\t\t\t<\/div>\n\t\t\t\t\t<\/div>\n\t\t<\/section>\n\t\t\t\t\t\t\t\t\t<\/div>\n\t\t\t<\/div>\n\t\t\t\t\t<\/div>\n\t\t","protected":false},"excerpt":{"rendered":"<p>ATEVAL, Asociaci\u00f3n de Empresarios Textiles de la Comunidad Valenciana, fue fundada en el a\u00f1o 1977. Actualmente cuenta con m\u00e1s de 570 empresas del sector Textil asociadas, las cuales representan una plantilla laboral de casi 19.000 puestos de trabajo directos El Instituto Tecnol\u00f3gico Textil AITEX, es un centro tecnol\u00f3gico dedicado a la investigaci\u00f3n en los \u00e1mbitos del conocimiento de la ciencia y la tecnolog\u00eda que tengan aplicaci\u00f3n en la industria textil. IVEFA es el espacio y la voz de la empresa familiar. Una asociaci\u00f3n empresarial independiente sin \u00e1nimo de lucro, a la que pertenecen m\u00e1s de 170 grupos familiares, que representan a m\u00e1s de 350 de empresas familiares valencianas.<\/p>\n","protected":false},"author":3,"featured_media":1432,"parent":1197,"menu_order":0,"comment_status":"closed","ping_status":"closed","template":"","meta":[],"yoast_head":"<!-- This site is optimized with the Yoast SEO plugin v15.9 - https:\/\/yoast.com\/wordpress\/plugins\/seo\/ -->\r\n<title>Asociaciones - MANTEROL GRUPO<\/title>\r\n<meta name=\"robots\" content=\"index, follow, max-snippet:-1, max-image-preview:large, max-video-preview:-1\" \/>\r\n<link rel=\"canonical\" href=\"https:\/\/b2b.manterol.es\/manterol.es\/quienes-somos\/asociaciones\/\" \/>\r\n<meta property=\"og:locale\" content=\"es_ES\" \/>\r\n<meta property=\"og:type\" content=\"article\" \/>\r\n<meta property=\"og:title\" content=\"Asociaciones - MANTEROL GRUPO\" \/>\r\n<meta property=\"og:description\" content=\"ATEVAL, Asociaci\u00f3n de Empresarios Textiles de la Comunidad Valenciana, fue fundada en el a\u00f1o 1977. Actualmente cuenta con m\u00e1s de 570 empresas del sector Textil asociadas, las cuales representan una plantilla laboral de casi 19.000 puestos de trabajo directos El Instituto Tecnol\u00f3gico Textil AITEX, es un centro tecnol\u00f3gico dedicado a la investigaci\u00f3n en los \u00e1mbitos del conocimiento de la ciencia y la tecnolog\u00eda que tengan aplicaci\u00f3n en la industria textil. IVEFA es el espacio y la voz de la empresa familiar. Una asociaci\u00f3n empresarial independiente sin \u00e1nimo de lucro, a la que pertenecen m\u00e1s de 170 grupos familiares, que representan a m\u00e1s de 350 de empresas familiares valencianas.\" \/>\r\n<meta property=\"og:url\" content=\"https:\/\/b2b.manterol.es\/manterol.es\/quienes-somos\/asociaciones\/\" \/>\r\n<meta property=\"og:site_name\" content=\"MANTEROL GRUPO\" \/>\r\n<meta property=\"article:publisher\" content=\"https:\/\/www.facebook.com\/manterolcasa\" \/>\r\n<meta property=\"article:modified_time\" content=\"2021-08-30T08:34:27+00:00\" \/>\r\n<meta property=\"og:image\" content=\"https:\/\/b2b.manterol.es\/manterol.es\/wp-content\/uploads\/2017\/04\/lin-mt.jpg\" \/>\r\n\t<meta property=\"og:image:width\" content=\"3543\" \/>\r\n\t<meta property=\"og:image:height\" content=\"96\" \/>\r\n<meta name=\"twitter:card\" content=\"summary_large_image\" \/>\r\n<meta name=\"twitter:label1\" content=\"Tiempo de lectura\">\n\t<meta name=\"twitter:data1\" content=\"2 minutos\">\r\n<script type=\"application\/ld+json\" class=\"yoast-schema-graph\">{\"@context\":\"https:\/\/schema.org\",\"@graph\":[{\"@type\":\"Organization\",\"@id\":\"https:\/\/b2b.manterol.es\/manterol.es\/#organization\",\"name\":\"Manterol Casa\",\"url\":\"https:\/\/b2b.manterol.es\/manterol.es\/\",\"sameAs\":[\"https:\/\/www.facebook.com\/manterolcasa\"],\"logo\":{\"@type\":\"ImageObject\",\"@id\":\"https:\/\/b2b.manterol.es\/manterol.es\/#logo\",\"inLanguage\":\"es\",\"url\":\"https:\/\/b2b.manterol.es\/manterol.es\/wp-content\/uploads\/2017\/04\/manterol-grupo-INICIO.jpg\",\"width\":255,\"height\":22,\"caption\":\"Manterol Casa\"},\"image\":{\"@id\":\"https:\/\/b2b.manterol.es\/manterol.es\/#logo\"}},{\"@type\":\"WebSite\",\"@id\":\"https:\/\/b2b.manterol.es\/manterol.es\/#website\",\"url\":\"https:\/\/b2b.manterol.es\/manterol.es\/\",\"name\":\"MANTEROL GRUPO\",\"description\":\"Ropa de Cama y Textiles para el Hogar\",\"publisher\":{\"@id\":\"https:\/\/b2b.manterol.es\/manterol.es\/#organization\"},\"potentialAction\":[{\"@type\":\"SearchAction\",\"target\":\"https:\/\/b2b.manterol.es\/manterol.es\/?s={search_term_string}\",\"query-input\":\"required name=search_term_string\"}],\"inLanguage\":\"es\"},{\"@type\":\"ImageObject\",\"@id\":\"https:\/\/b2b.manterol.es\/manterol.es\/quienes-somos\/asociaciones\/#primaryimage\",\"inLanguage\":\"es\",\"url\":\"https:\/\/b2b.manterol.es\/manterol.es\/wp-content\/uploads\/2017\/04\/lin-mt.jpg\",\"width\":3543,\"height\":96,\"caption\":\"FN FLORES 020\"},{\"@type\":\"WebPage\",\"@id\":\"https:\/\/b2b.manterol.es\/manterol.es\/quienes-somos\/asociaciones\/#webpage\",\"url\":\"https:\/\/b2b.manterol.es\/manterol.es\/quienes-somos\/asociaciones\/\",\"name\":\"Asociaciones - MANTEROL GRUPO\",\"isPartOf\":{\"@id\":\"https:\/\/b2b.manterol.es\/manterol.es\/#website\"},\"primaryImageOfPage\":{\"@id\":\"https:\/\/b2b.manterol.es\/manterol.es\/quienes-somos\/asociaciones\/#primaryimage\"},\"datePublished\":\"2017-04-24T08:02:15+00:00\",\"dateModified\":\"2021-08-30T08:34:27+00:00\",\"breadcrumb\":{\"@id\":\"https:\/\/b2b.manterol.es\/manterol.es\/quienes-somos\/asociaciones\/#breadcrumb\"},\"inLanguage\":\"es\",\"potentialAction\":[{\"@type\":\"ReadAction\",\"target\":[\"https:\/\/b2b.manterol.es\/manterol.es\/quienes-somos\/asociaciones\/\"]}]},{\"@type\":\"BreadcrumbList\",\"@id\":\"https:\/\/b2b.manterol.es\/manterol.es\/quienes-somos\/asociaciones\/#breadcrumb\",\"itemListElement\":[{\"@type\":\"ListItem\",\"position\":1,\"item\":{\"@type\":\"WebPage\",\"@id\":\"https:\/\/b2b.manterol.es\/manterol.es\/\",\"url\":\"https:\/\/b2b.manterol.es\/manterol.es\/\",\"name\":\"Portada\"}},{\"@type\":\"ListItem\",\"position\":2,\"item\":{\"@type\":\"WebPage\",\"@id\":\"https:\/\/b2b.manterol.es\/manterol.es\/quienes-somos\/\",\"url\":\"https:\/\/b2b.manterol.es\/manterol.es\/quienes-somos\/\",\"name\":\"quienes somos\"}},{\"@type\":\"ListItem\",\"position\":3,\"item\":{\"@type\":\"WebPage\",\"@id\":\"https:\/\/b2b.manterol.es\/manterol.es\/quienes-somos\/asociaciones\/\",\"url\":\"https:\/\/b2b.manterol.es\/manterol.es\/quienes-somos\/asociaciones\/\",\"name\":\"Asociaciones\"}}]}]}<\/script>\r\n<!-- \/ Yoast SEO plugin. -->","_links":{"self":[{"href":"https:\/\/b2b.manterol.es\/manterol.es\/wp-json\/wp\/v2\/pages\/1233"}],"collection":[{"href":"https:\/\/b2b.manterol.es\/manterol.es\/wp-json\/wp\/v2\/pages"}],"about":[{"href":"https:\/\/b2b.manterol.es\/manterol.es\/wp-json\/wp\/v2\/types\/page"}],"author":[{"embeddable":true,"href":"https:\/\/b2b.manterol.es\/manterol.es\/wp-json\/wp\/v2\/users\/3"}],"replies":[{"embeddable":true,"href":"https:\/\/b2b.manterol.es\/manterol.es\/wp-json\/wp\/v2\/comments?post=1233"}],"version-history":[{"count":30,"href":"https:\/\/b2b.manterol.es\/manterol.es\/wp-json\/wp\/v2\/pages\/1233\/revisions"}],"predecessor-version":[{"id":5547,"href":"https:\/\/b2b.manterol.es\/manterol.es\/wp-json\/wp\/v2\/pages\/1233\/revisions\/5547"}],"up":[{"embeddable":true,"href":"https:\/\/b2b.manterol.es\/manterol.es\/wp-json\/wp\/v2\/pages\/1197"}],"wp:featuredmedia":[{"embeddable":true,"href":"https:\/\/b2b.manterol.es\/manterol.es\/wp-json\/wp\/v2\/media\/1432"}],"wp:attachment":[{"href":"https:\/\/b2b.manterol.es\/manterol.es\/wp-json\/wp\/v2\/media?parent=1233"}],"curies":[{"name":"wp","href":"https:\/\/api.w.org\/{rel}","templated":true}]}}